{"id":15,"date":"2021-04-19T03:40:39","date_gmt":"2021-04-19T03:40:39","guid":{"rendered":"http:\/\/centrocontraelestres.com\/webpage\/?page_id=15"},"modified":"2023-02-23T17:36:58","modified_gmt":"2023-02-23T17:36:58","slug":"servicios","status":"publish","type":"page","link":"http:\/\/centrocontraelestres.com\/webpage\/servicios\/","title":{"rendered":"Servicios"},"content":{"rendered":"\n<div style=\"height:169px\" aria-hidden=\"true\" class=\"wp-block-spacer\"><\/div>\n\n\n\n<blockquote class=\"wp-block-quote is-style-large is-layout-flow wp-block-quote-is-layout-flow\">\n<p><em>\u00bfQu\u00e9 te ofrecemos en \u201cEl centro contra el estr\u00e9s\u201d?<\/em><\/p>\n\n\n\n<p><em>Te ofrecemos terapias dirigidas&nbsp; a reducir el estr\u00e9s como tambi\u00e9n ayuda para que aprendas a&nbsp; evitarlo o manejarlo. Entre estas se encuentran:<\/em><\/p>\n<\/blockquote>\n\n\n\n<div class=\"wp-block-buttons alignfull is-horizontal is-content-justification-center is-layout-flex wp-container-core-buttons-is-layout-1 wp-block-buttons-is-layout-flex\">\n<div class=\"wp-block-button\"><a class=\"wp-block-button__link has-secondary-background-color has-text-color has-background wp-element-button\" href=\"#shiatsu\" style=\"border-radius:5px;color:#fffffa\" rel=\"\">Shiatsu<\/a><\/div>\n\n\n\n<div class=\"wp-block-button\"><a class=\"wp-block-button__link has-secondary-background-color has-text-color has-background wp-element-button\" href=\"#ventosas\" style=\"border-radius:5px;color:#fffffa\">Terapia de Ventosas<\/a><\/div>\n\n\n\n<div class=\"wp-block-button\"><a class=\"wp-block-button__link has-secondary-background-color has-text-color has-background wp-element-button\" href=\"#reflexologia\" style=\"border-radius:5px;color:#fffffa\">Reflexolog\u00eda<\/a><\/div>\n\n\n\n<div class=\"wp-block-button\"><a class=\"wp-block-button__link has-secondary-background-color has-background wp-element-button\" href=\"#masaje\">Masaje Cl\u00e1sico &#8211; Deportivo<\/a><\/div>\n\n\n\n<div class=\"wp-block-button\"><a class=\"wp-block-button__link has-secondary-background-color has-background wp-element-button\" href=\"#acupuntura\">Acupuntura<\/a><\/div>\n\n\n\n<div class=\"wp-block-button\"><a class=\"wp-block-button__link has-secondary-background-color has-background wp-element-button\" href=\"#tuina\">TUI-NA<\/a><\/div>\n\n\n\n<div class=\"wp-block-button\"><a class=\"wp-block-button__link has-buttons-text-color has-secondary-background-color has-text-color has-background wp-element-button\" href=\"#guasha\">Gua Sha<\/a><\/div>\n\n\n\n<div class=\"wp-block-button\"><a class=\"wp-block-button__link has-secondary-background-color has-background wp-element-button\" href=\"#colon\">Colon &#8211; Hidro Terapia<\/a><\/div>\n<\/div>\n\n\n\n<div class=\"wp-block-media-text alignwide is-stacked-on-mobile is-vertically-aligned-top is-image-fill\" style=\"grid-template-columns:61% auto\" id=\"shiatsu\"><figure class=\"wp-block-media-text__media\" style=\"background-image:url(http:\/\/centrocontraelestres.com\/webpage\/wp-content\/uploads\/2021\/06\/VIDEO-2021-03-10-18-35-542.mp4);background-position:50% 50%\"><video controls src=\"http:\/\/centrocontraelestres.com\/webpage\/wp-content\/uploads\/2021\/06\/VIDEO-2021-03-10-18-35-542.mp4\"><\/video><\/figure><div class=\"wp-block-media-text__content\">\n<p class=\"has-larger-font-size\"><strong>&#8220;SHIATSU&#8221;&nbsp;<\/strong><\/p>\n\n\n\n<figure class=\"wp-block-image size-large\"><img loading=\"lazy\" decoding=\"async\" width=\"1024\" height=\"661\" src=\"http:\/\/centrocontraelestres.com\/webpage\/wp-content\/uploads\/2021\/05\/Screenshot-2021-05-30-222121-1024x661.jpg\" alt=\"\" class=\"wp-image-194\" srcset=\"http:\/\/centrocontraelestres.com\/webpage\/wp-content\/uploads\/2021\/05\/Screenshot-2021-05-30-222121-1024x661.jpg 1024w, http:\/\/centrocontraelestres.com\/webpage\/wp-content\/uploads\/2021\/05\/Screenshot-2021-05-30-222121-300x194.jpg 300w, http:\/\/centrocontraelestres.com\/webpage\/wp-content\/uploads\/2021\/05\/Screenshot-2021-05-30-222121-768x496.jpg 768w, http:\/\/centrocontraelestres.com\/webpage\/wp-content\/uploads\/2021\/05\/Screenshot-2021-05-30-222121-540x349.jpg 540w, http:\/\/centrocontraelestres.com\/webpage\/wp-content\/uploads\/2021\/05\/Screenshot-2021-05-30-222121-1080x698.jpg 1080w, http:\/\/centrocontraelestres.com\/webpage\/wp-content\/uploads\/2021\/05\/Screenshot-2021-05-30-222121.jpg 1302w\" sizes=\"(max-width: 1024px) 100vw, 1024px\" \/><\/figure>\n\n\n\n<p>Utilizando el sistema de diagn\u00f3stico muy sensible de la Medicina China, mediante el shiatsu, que es una t\u00e9cnica bi-manual que utiliza el tacto, la presi\u00f3n estable y los estiramientos para mover el flujo energ\u00e9tico del cuerpo lo que permite detectar trastornos f\u00edsicos, energ\u00e9ticos y emocionales en un estado muy temprano y se puede influir de manera muy positiva en una serie de problemas.&nbsp; Entre estos se encuentran las migra\u00f1as, problemas menstruales, trastornos del sistema digestivo y del sue\u00f1o, dolores de espalda, pero tambi\u00e9n los problemas causados por el estr\u00e9s, el s\u00edndrome de fatiga cr\u00f3nica, la fibromialgia, el s\u00edndrome de Burn-Out, etc.<\/p>\n\n\n\n<p><strong>El Shiatsu se practica sobre la persona vestida con ropa ligera y amplia, preferiblemente una sudadera y camiseta.<\/strong><\/p>\n<\/div><\/div>\n\n\n\n<div class=\"wp-block-media-text alignwide has-media-on-the-right is-stacked-on-mobile is-vertically-aligned-top is-image-fill\" style=\"grid-template-columns:auto 61%\" id=\"ventosas\"><div class=\"wp-block-media-text__content\">\n<p class=\"has-larger-font-size\"><strong>&#8220;TERAPIA DE VENTOSAS<\/strong>&#8220;<\/p>\n\n\n\n<figure class=\"wp-block-image size-large\"><img loading=\"lazy\" decoding=\"async\" width=\"1024\" height=\"683\" src=\"http:\/\/centrocontraelestres.com\/webpage\/wp-content\/uploads\/2021\/05\/WhatsApp-Image-2021-04-29-at-7.11.36-PM.jpeg\" alt=\"\" class=\"wp-image-108\" srcset=\"http:\/\/centrocontraelestres.com\/webpage\/wp-content\/uploads\/2021\/05\/WhatsApp-Image-2021-04-29-at-7.11.36-PM.jpeg 1024w, http:\/\/centrocontraelestres.com\/webpage\/wp-content\/uploads\/2021\/05\/WhatsApp-Image-2021-04-29-at-7.11.36-PM-300x200.jpeg 300w, http:\/\/centrocontraelestres.com\/webpage\/wp-content\/uploads\/2021\/05\/WhatsApp-Image-2021-04-29-at-7.11.36-PM-768x512.jpeg 768w, http:\/\/centrocontraelestres.com\/webpage\/wp-content\/uploads\/2021\/05\/WhatsApp-Image-2021-04-29-at-7.11.36-PM-540x360.jpeg 540w\" sizes=\"(max-width: 1024px) 100vw, 1024px\" \/><\/figure>\n\n\n\n<p>\u00c9stos son algunos de los beneficios de la terapia de ventosas o cupping therapy.<\/p>\n\n\n\n<p>\u2022 Aumento de irrigaci\u00f3n sangu\u00ednea.<\/p>\n\n\n\n<p>\u2022 Alivio del dolor.<\/p>\n\n\n\n<p>\u2022 Aumenta circulaci\u00f3n linf\u00e1tica (disminuir edemas).<\/p>\n\n\n\n<p>\u2022 Aumenta el metabolismo celular.<\/p>\n\n\n\n<p>\u2022 Aumento del ox\u00edgeno y nutrientes de los tejidos.<\/p>\n\n\n\n<p>\u2022 Hiperemia local.<\/p>\n\n\n\n<p>\u2022 Liberaci\u00f3n miofascial.<\/p>\n\n\n\n<p>\u2022 Activa el sistema inmunitario.<\/p>\n\n\n\n<p>\u2022 Depurativo (eliminaci\u00f3n de toxinas).<\/p>\n\n\n\n<p>\u2022 Tratar contracturas y rigidez muscular (efecto relajante).<\/p>\n\n\n\n<p>\u2022 Terapia antiinflamatoria y analg\u00e9sica.<\/p>\n\n\n\n<p>\u2022 Reduce los s\u00edntomas de alergias, fatiga cr\u00f3nica y fibromialgia.<\/p>\n<\/div><figure class=\"wp-block-media-text__media\" style=\"background-image:url(http:\/\/centrocontraelestres.com\/webpage\/wp-content\/uploads\/2021\/06\/VIDEO-2021-03-10-18-35-54.mp4);background-position:50% 50%\"><video controls src=\"http:\/\/centrocontraelestres.com\/webpage\/wp-content\/uploads\/2021\/06\/VIDEO-2021-03-10-18-35-54.mp4\"><\/video><\/figure><\/div>\n\n\n\n<div class=\"wp-block-media-text alignwide is-stacked-on-mobile is-vertically-aligned-top is-image-fill\" style=\"grid-template-columns:61% auto\" id=\"reflexologia\"><figure class=\"wp-block-media-text__media\" style=\"background-image:url(http:\/\/centrocontraelestres.com\/webpage\/wp-content\/uploads\/2021\/06\/VIDEO-2021-03-10-18-35-541.mp4);background-position:50% 50%\"><video controls src=\"http:\/\/centrocontraelestres.com\/webpage\/wp-content\/uploads\/2021\/06\/VIDEO-2021-03-10-18-35-541.mp4\"><\/video><\/figure><div class=\"wp-block-media-text__content\">\n<p class=\"has-larger-font-size\"><strong>&#8220;REFLEXOLOG\u00cdA&#8221;<\/strong><\/p>\n\n\n\n<figure class=\"wp-block-image size-large\"><img loading=\"lazy\" decoding=\"async\" width=\"1024\" height=\"683\" src=\"http:\/\/centrocontraelestres.com\/webpage\/wp-content\/uploads\/2021\/05\/WhatsApp-Image-2021-04-29-at-7.13.56-PM.jpeg\" alt=\"\" class=\"wp-image-110\" srcset=\"http:\/\/centrocontraelestres.com\/webpage\/wp-content\/uploads\/2021\/05\/WhatsApp-Image-2021-04-29-at-7.13.56-PM.jpeg 1024w, http:\/\/centrocontraelestres.com\/webpage\/wp-content\/uploads\/2021\/05\/WhatsApp-Image-2021-04-29-at-7.13.56-PM-300x200.jpeg 300w, http:\/\/centrocontraelestres.com\/webpage\/wp-content\/uploads\/2021\/05\/WhatsApp-Image-2021-04-29-at-7.13.56-PM-768x512.jpeg 768w, http:\/\/centrocontraelestres.com\/webpage\/wp-content\/uploads\/2021\/05\/WhatsApp-Image-2021-04-29-at-7.13.56-PM-540x360.jpeg 540w\" sizes=\"(max-width: 1024px) 100vw, 1024px\" \/><\/figure>\n\n\n\n<p id=\"reflexologia\">\u00bfQui\u00e9n no aprecia el efecto relajante de un masaje en los pies? Los que lo han experimentado afirman que es una t\u00e9cnica excelente de relajamiento. Pero, lejos de ser un simple masaje en los pies, la reflexolog\u00eda tiene la finalidad de estimular manualmente \u00e1reas reflejas ubicadas en los pies con el objetivo de armonizar los sistemas en el cuerpo que se encuentran en desequilibrio. La reflexolog\u00eda mejora la circulaci\u00f3n, las sobrecargas musculares, contracturas, dolores articulares, dolores de cabeza de distinto tipo, colabora en la eliminaci\u00f3n de impurezas y toxinas del cuerpo y revitaliza el flujo energ\u00e9tico, etc.<\/p>\n<\/div><\/div>\n\n\n\n<div class=\"wp-block-media-text alignwide has-media-on-the-right is-stacked-on-mobile is-vertically-aligned-top is-image-fill\" style=\"grid-template-columns:auto 61%\" id=\"masaje\"><div class=\"wp-block-media-text__content\">\n<p class=\"has-larger-font-size\"><strong>&#8220;MASAJE CL\u00c1SICO &#8211; MASAJE DEPORTIVO&#8221;&nbsp;<\/strong><\/p>\n\n\n\n<figure class=\"wp-block-image size-large\"><img loading=\"lazy\" decoding=\"async\" width=\"1024\" height=\"682\" src=\"http:\/\/centrocontraelestres.com\/webpage\/wp-content\/uploads\/2021\/05\/Screenshot-2021-05-30-222207-1024x682.jpg\" alt=\"\" class=\"wp-image-196\" srcset=\"http:\/\/centrocontraelestres.com\/webpage\/wp-content\/uploads\/2021\/05\/Screenshot-2021-05-30-222207-1024x682.jpg 1024w, http:\/\/centrocontraelestres.com\/webpage\/wp-content\/uploads\/2021\/05\/Screenshot-2021-05-30-222207-300x200.jpg 300w, http:\/\/centrocontraelestres.com\/webpage\/wp-content\/uploads\/2021\/05\/Screenshot-2021-05-30-222207-768x512.jpg 768w, http:\/\/centrocontraelestres.com\/webpage\/wp-content\/uploads\/2021\/05\/Screenshot-2021-05-30-222207-540x360.jpg 540w, http:\/\/centrocontraelestres.com\/webpage\/wp-content\/uploads\/2021\/05\/Screenshot-2021-05-30-222207-1080x720.jpg 1080w, http:\/\/centrocontraelestres.com\/webpage\/wp-content\/uploads\/2021\/05\/Screenshot-2021-05-30-222207.jpg 1325w\" sizes=\"(max-width: 1024px) 100vw, 1024px\" \/><\/figure>\n\n\n\n<p>El masaje cl\u00e1sico y\/o deportivo tiene, dependiendo de las necesidades de la persona, un efecto relajante o tonificante para la musculatura. Se eliminan nudos, espasmos, rigidez o en el caso dado, transmite energ\u00eda a una musculatura fl\u00e1cida y la tonifica. El masaje hace que se liberen&nbsp; hormonas que disminuyen el estr\u00e9s, quitan la ansiedad y reducen el dolor. El masaje estimula al mismo tiempo la producci\u00f3n de endorfinas, las as\u00ed llamadas hormonas de la felicidad que producen una sensaci\u00f3n de placer y permiten un estado de relajaci\u00f3n y tranquilidad interna.<\/p>\n\n\n\n<p>El masaje cl\u00e1sico y\/o deportivo se practica sobre la piel desnuda utilizando aceites naturales aromatizados.<\/p>\n<\/div><figure class=\"wp-block-media-text__media\" style=\"background-image:url(http:\/\/centrocontraelestres.com\/webpage\/wp-content\/uploads\/2021\/06\/VIDEO-2021-03-10-18-35-544.mp4);background-position:50% 50%\"><video controls src=\"http:\/\/centrocontraelestres.com\/webpage\/wp-content\/uploads\/2021\/06\/VIDEO-2021-03-10-18-35-544.mp4\"><\/video><\/figure><\/div>\n\n\n\n<div class=\"wp-block-media-text alignwide is-stacked-on-mobile is-vertically-aligned-top is-image-fill\" style=\"grid-template-columns:61% auto\" id=\"acupuntura\"><figure class=\"wp-block-media-text__media\" style=\"background-image:url(http:\/\/centrocontraelestres.com\/webpage\/wp-content\/uploads\/2021\/06\/acupuntura.mp4);background-position:50% 50%\"><video controls src=\"http:\/\/centrocontraelestres.com\/webpage\/wp-content\/uploads\/2021\/06\/acupuntura.mp4\"><\/video><\/figure><div class=\"wp-block-media-text__content\">\n<p class=\"has-larger-font-size\"><strong>&#8220;ACUPUNTURA&#8221;&nbsp;<\/strong><\/p>\n\n\n\n<figure class=\"wp-block-image size-large\"><img loading=\"lazy\" decoding=\"async\" width=\"1024\" height=\"677\" src=\"http:\/\/centrocontraelestres.com\/webpage\/wp-content\/uploads\/2021\/05\/Screenshot-2021-05-30-222229-1024x677.jpg\" alt=\"\" class=\"wp-image-197\" srcset=\"http:\/\/centrocontraelestres.com\/webpage\/wp-content\/uploads\/2021\/05\/Screenshot-2021-05-30-222229-1024x677.jpg 1024w, http:\/\/centrocontraelestres.com\/webpage\/wp-content\/uploads\/2021\/05\/Screenshot-2021-05-30-222229-300x198.jpg 300w, http:\/\/centrocontraelestres.com\/webpage\/wp-content\/uploads\/2021\/05\/Screenshot-2021-05-30-222229-768x508.jpg 768w, http:\/\/centrocontraelestres.com\/webpage\/wp-content\/uploads\/2021\/05\/Screenshot-2021-05-30-222229-540x357.jpg 540w, http:\/\/centrocontraelestres.com\/webpage\/wp-content\/uploads\/2021\/05\/Screenshot-2021-05-30-222229-1080x714.jpg 1080w, http:\/\/centrocontraelestres.com\/webpage\/wp-content\/uploads\/2021\/05\/Screenshot-2021-05-30-222229.jpg 1320w\" sizes=\"(max-width: 1024px) 100vw, 1024px\" \/><\/figure>\n\n\n\n<p>La acupuntura tiene que ver con la inserci\u00f3n de agujas muy finas en determinados punto del cuerpo con el fin de conseguir una respuesta terap\u00e9utica. La acupuntura hace que el cuerpo libere sustancias neuroqu\u00edmicas, entre ellas las endorfinas, cuya funci\u00f3n es reducir el dolor y la inflamaci\u00f3n. La Organizaci\u00f3n Mundial de la Salud reconoce su uso en el tratamiento de 104 problemas de salud, entre ellos los s\u00edndromes lumbares, problemas de espalda, ci\u00e1tica, artritis reumatoide, cefaleas, neuralgias, hipertensi\u00f3n, asma, bronquitis, gastritis, estre\u00f1imiento, diarrea, gastritis, colitis, alteraciones del ciclo menstrual, problemas menop\u00e1usicos, etc.<\/p>\n<\/div><\/div>\n\n\n\n<div class=\"wp-block-media-text alignwide has-media-on-the-right is-stacked-on-mobile is-vertically-aligned-top is-image-fill\" style=\"grid-template-columns:auto 61%\" id=\"tuina\"><div class=\"wp-block-media-text__content\">\n<p class=\"has-larger-font-size\"><strong>&#8220;TUI-NA&#8221;&nbsp;<\/strong><\/p>\n\n\n\n<figure class=\"wp-block-image size-large\"><img loading=\"lazy\" decoding=\"async\" width=\"883\" height=\"1024\" src=\"http:\/\/centrocontraelestres.com\/webpage\/wp-content\/uploads\/2021\/06\/WhatsApp-Image-2021-05-31-at-5.01.47-PM-883x1024.jpeg\" alt=\"\" class=\"wp-image-259\" srcset=\"http:\/\/centrocontraelestres.com\/webpage\/wp-content\/uploads\/2021\/06\/WhatsApp-Image-2021-05-31-at-5.01.47-PM-883x1024.jpeg 883w, http:\/\/centrocontraelestres.com\/webpage\/wp-content\/uploads\/2021\/06\/WhatsApp-Image-2021-05-31-at-5.01.47-PM-259x300.jpeg 259w, http:\/\/centrocontraelestres.com\/webpage\/wp-content\/uploads\/2021\/06\/WhatsApp-Image-2021-05-31-at-5.01.47-PM-768x890.jpeg 768w, http:\/\/centrocontraelestres.com\/webpage\/wp-content\/uploads\/2021\/06\/WhatsApp-Image-2021-05-31-at-5.01.47-PM-540x626.jpeg 540w, http:\/\/centrocontraelestres.com\/webpage\/wp-content\/uploads\/2021\/06\/WhatsApp-Image-2021-05-31-at-5.01.47-PM-1080x1252.jpeg 1080w, http:\/\/centrocontraelestres.com\/webpage\/wp-content\/uploads\/2021\/06\/WhatsApp-Image-2021-05-31-at-5.01.47-PM.jpeg 1104w\" sizes=\"(max-width: 883px) 100vw, 883px\" \/><\/figure>\n\n\n\n<p>El Tui-Na infantil consiste en la estimulaci\u00f3n de puntos de acupuntura y meridianos en los ni\u00f1os, mediante t\u00e9cnicas manuales, con el objetivo de reajustar los desequilibrios energ\u00e9ticos.<\/p>\n<\/div><figure class=\"wp-block-media-text__media\" style=\"background-image:url(http:\/\/centrocontraelestres.com\/webpage\/wp-content\/uploads\/2021\/06\/Video-para-Tui-Na.mp4);background-position:50% 50%\"><video controls src=\"http:\/\/centrocontraelestres.com\/webpage\/wp-content\/uploads\/2021\/06\/Video-para-Tui-Na.mp4\"><\/video><\/figure><\/div>\n\n\n\n<div class=\"wp-block-media-text alignwide is-stacked-on-mobile is-vertically-aligned-top is-image-fill\" style=\"grid-template-columns:61% auto\" id=\"guasha\"><figure class=\"wp-block-media-text__media\" style=\"background-image:url(http:\/\/centrocontraelestres.com\/webpage\/wp-content\/uploads\/2021\/06\/Video-para-Gua-Sha.mp4);background-position:50% 50%\"><video controls src=\"http:\/\/centrocontraelestres.com\/webpage\/wp-content\/uploads\/2021\/06\/Video-para-Gua-Sha.mp4\"><\/video><\/figure><div class=\"wp-block-media-text__content\">\n<p class=\"has-larger-font-size\"><strong>&#8220;GUA SHA&#8221;&nbsp;<\/strong><\/p>\n\n\n\n<figure class=\"wp-block-image size-large\"><img loading=\"lazy\" decoding=\"async\" width=\"561\" height=\"588\" src=\"http:\/\/centrocontraelestres.com\/webpage\/wp-content\/uploads\/2021\/06\/WhatsApp-Image-2021-05-31-at-5.02.49-PM.jpeg\" alt=\"\" class=\"wp-image-260\" srcset=\"http:\/\/centrocontraelestres.com\/webpage\/wp-content\/uploads\/2021\/06\/WhatsApp-Image-2021-05-31-at-5.02.49-PM.jpeg 561w, http:\/\/centrocontraelestres.com\/webpage\/wp-content\/uploads\/2021\/06\/WhatsApp-Image-2021-05-31-at-5.02.49-PM-286x300.jpeg 286w, http:\/\/centrocontraelestres.com\/webpage\/wp-content\/uploads\/2021\/06\/WhatsApp-Image-2021-05-31-at-5.02.49-PM-540x566.jpeg 540w\" sizes=\"(max-width: 561px) 100vw, 561px\" \/><\/figure>\n\n\n\n<p>El Gua Sha es una t\u00e9cnica de \u201craspado\u201d\/\u201cmasaje\u201d conocida como terapia natural o alternativa. Consiste en el raspado y la estimulaci\u00f3n cut\u00e1nea mediante un instrumento de filo redondo.<br>Esta acci\u00f3n da lugar a que aparezcan rojeces en la zona que se est\u00e1 tratando, estas rojeces desaparecen en dos o tres d\u00edas, el aumento del Sha elimina el estancamiento de sangre y hace que la circulaci\u00f3n se vuelva normal.<\/p>\n\n\n\n<p>Ventajas<\/p>\n\n\n\n<p>\u2022 Ayuda a relajar la tensi\u00f3n muscular.<\/p>\n\n\n\n<p>\u2022 Incrementa el movimiento de fluidos corporales.<\/p>\n\n\n\n<p>\u2022 Refuerza el organismo estimulando el sistema inmunol\u00f3gico.<\/p>\n<\/div><\/div>\n\n\n\n<div class=\"wp-block-media-text alignwide has-media-on-the-right is-stacked-on-mobile is-vertically-aligned-top is-image-fill\" style=\"grid-template-columns:auto 61%\" id=\"colon\"><div class=\"wp-block-media-text__content\">\n<p class=\"has-larger-font-size\"><strong>&#8220;COLON HIDRO-TERAPIA&#8221;<\/strong><\/p>\n\n\n\n<p>La flora intestinal es un conjunto de bacterias que viven en el intestino. La gran mayor\u00eda de ellas no son da\u00f1inas para nosotros sino beneficiosas. Ellas forman un ecosistema complejo que ayudan en la absorci\u00f3n de nutrientes. La flora del ser humano adulto est\u00e1 influenciada de un lado por las secreciones intestinales y por el otro lado por la dieta, el estr\u00e9s y los antibi\u00f3ticos, siendo los \u00faltimos unos de los principales causantes de su destrucci\u00f3n. De hecho, estudios recientes han se\u00f1alado que un solo ciclo de antibi\u00f3ticos, afecta la flora intestinal adversamente&nbsp; por hasta 6 meses. La cantidad de personas que no ingieren una dieta adecuada&nbsp; &#8211; que ser\u00eda una dieta rica en fibras naturales proporcionadas por cereales en su estado no refinado, fruta y verduras frescas, nueces etc., &#8211; es alarmante. El resultado es un colon enfermo que,&nbsp; o guarda las heces por un tiempo excesivo \u2013 el resultado es estre\u00f1imiento \u2013 o un colon irritado que expulsa su contenido en forma diarreica con mayor frecuencia que la normal.<\/p>\n<\/div><figure class=\"wp-block-media-text__media\" style=\"background-image:url(http:\/\/centrocontraelestres.com\/webpage\/wp-content\/uploads\/2021\/05\/Screenshot-2021-05-30-222329-1024x639.jpg);background-position:30% 18%\"><img loading=\"lazy\" decoding=\"async\" width=\"1024\" height=\"639\" src=\"http:\/\/centrocontraelestres.com\/webpage\/wp-content\/uploads\/2021\/05\/Screenshot-2021-05-30-222329-1024x639.jpg\" alt=\"\" class=\"wp-image-198 size-full\" srcset=\"http:\/\/centrocontraelestres.com\/webpage\/wp-content\/uploads\/2021\/05\/Screenshot-2021-05-30-222329-1024x639.jpg 1024w, http:\/\/centrocontraelestres.com\/webpage\/wp-content\/uploads\/2021\/05\/Screenshot-2021-05-30-222329-300x187.jpg 300w, http:\/\/centrocontraelestres.com\/webpage\/wp-content\/uploads\/2021\/05\/Screenshot-2021-05-30-222329-768x479.jpg 768w, http:\/\/centrocontraelestres.com\/webpage\/wp-content\/uploads\/2021\/05\/Screenshot-2021-05-30-222329-540x337.jpg 540w, http:\/\/centrocontraelestres.com\/webpage\/wp-content\/uploads\/2021\/05\/Screenshot-2021-05-30-222329-1080x674.jpg 1080w, http:\/\/centrocontraelestres.com\/webpage\/wp-content\/uploads\/2021\/05\/Screenshot-2021-05-30-222329.jpg 1317w\" sizes=\"(max-width: 1024px) 100vw, 1024px\" \/><\/figure><\/div>\n\n\n\n<div class=\"wp-block-columns alignfull is-layout-flex wp-container-core-columns-is-layout-1 wp-block-columns-is-layout-flex\">\n<div class=\"wp-block-column is-layout-flow wp-block-column-is-layout-flow\" style=\"flex-basis:25%\"><\/div>\n\n\n\n<div class=\"wp-block-column is-layout-flow wp-block-column-is-layout-flow\" style=\"flex-basis:50%\">\n<h2 class=\"wp-block-heading\"><strong>Colon terapia &#8211; \u00bfpara quienes?<\/strong><\/h2>\n\n\n\n<ul class=\"wp-block-list\">\n<li>Enfermedades reum\u00e1ticas como la fibromi\u00e1lgia y la poliartritis.<\/li>\n\n\n\n<li>Enfermedades al\u00e9rgicas como el asma bronquial, enfermedades dermatol\u00f3gicas.<\/li>\n\n\n\n<li>Infecciones recurrentes, entre ellas la bronquitis, laringitis, tonsilitis, sinusitis, cistitis, prostatitis.<\/li>\n\n\n\n<li>S\u00edntomas de cansancio, fatiga, depresi\u00f3n, sudoraci\u00f3n excesiva, dolores de cabeza y migra\u00f1as.<\/li>\n\n\n\n<li>Tambi\u00e9n como medida de prevenci\u00f3n en el sentido de una limpieza anual se recomienda la colon-hidro-terapia por sus excelentes resultados.<\/li>\n<\/ul>\n<\/div>\n\n\n\n<div class=\"wp-block-column is-layout-flow wp-block-column-is-layout-flow\" style=\"flex-basis:25%\"><\/div>\n<\/div>\n","protected":false},"excerpt":{"rendered":"<p>\u00bfQu\u00e9 te ofrecemos en \u201cEl centro contra el estr\u00e9s\u201d? Te ofrecemos terapias dirigidas&nbsp; a reducir el estr\u00e9s como tambi\u00e9n ayuda para que aprendas a&nbsp; evitarlo o manejarlo. Entre&hellip;<\/p>\n","protected":false},"author":1,"featured_media":0,"parent":0,"menu_order":0,"comment_status":"closed","ping_status":"closed","template":"template-full-width-cover.php","meta":{"footnotes":""},"class_list":["post-15","page","type-page","status-publish","has-post-thumbnail","hentry"],"_links":{"self":[{"href":"http:\/\/centrocontraelestres.com\/webpage\/wp-json\/wp\/v2\/pages\/15"}],"collection":[{"href":"http:\/\/centrocontraelestres.com\/webpage\/wp-json\/wp\/v2\/pages"}],"about":[{"href":"http:\/\/centrocontraelestres.com\/webpage\/wp-json\/wp\/v2\/types\/page"}],"author":[{"embeddable":true,"href":"http:\/\/centrocontraelestres.com\/webpage\/wp-json\/wp\/v2\/users\/1"}],"replies":[{"embeddable":true,"href":"http:\/\/centrocontraelestres.com\/webpage\/wp-json\/wp\/v2\/comments?post=15"}],"version-history":[{"count":40,"href":"http:\/\/centrocontraelestres.com\/webpage\/wp-json\/wp\/v2\/pages\/15\/revisions"}],"predecessor-version":[{"id":312,"href":"http:\/\/centrocontraelestres.com\/webpage\/wp-json\/wp\/v2\/pages\/15\/revisions\/312"}],"wp:attachment":[{"href":"http:\/\/centrocontraelestres.com\/webpage\/wp-json\/wp\/v2\/media?parent=15"}],"curies":[{"name":"wp","href":"https:\/\/api.w.org\/{rel}","templated":true}]}}